{"id":2,"date":"2021-05-06T19:37:01","date_gmt":"2021-05-06T19:37:01","guid":{"rendered":"http:\/\/rogcs.mx\/?page_id=2"},"modified":"2021-07-05T18:52:22","modified_gmt":"2021-07-05T23:52:22","slug":"pagina-ejemplo","status":"publish","type":"page","link":"https:\/\/www.rogcs.mx\/?page_id=2","title":{"rendered":"P\u00e1gina de ejemplo"},"content":{"rendered":"<p>[et_pb_section fb_built=&#8221;1&#8243; admin_label=&#8221;section&#8221; _builder_version=&#8221;3.22&#8243;][et_pb_row admin_label=&#8221;row&#8221; _builder_version=&#8221;3.25&#8243; background_size=&#8221;initial&#8221; background_position=&#8221;top_left&#8221; background_repeat=&#8221;repeat&#8221; hover_enabled=&#8221;0&#8243; sticky_enabled=&#8221;0&#8243;][et_pb_column type=&#8221;4_4&#8243; _builder_version=&#8221;3.25&#8243; custom_padding=&#8221;|||&#8221; custom_padding__hover=&#8221;|||&#8221;][et_pb_text admin_label=&#8221;Text&#8221; _builder_version=&#8221;4.9.4&#8243; background_size=&#8221;initial&#8221; background_position=&#8221;top_left&#8221; background_repeat=&#8221;repeat&#8221; hover_enabled=&#8221;0&#8243; sticky_enabled=&#8221;0&#8243;]<\/p>\n<p><strong>AVISO DE PRIVACIDAD<\/strong><\/p>\n<p>&nbsp;<\/p>\n<p>Para efectos del presente Aviso de Privacidad, acorde a lo establecido en el art\u00edculo 6 de la Ley Federal de Protecci\u00f3n de Datos Personales en Posesi\u00f3n de Particulares, se se\u00f1ala como responsable de la obtenci\u00f3n, uso, divulgaci\u00f3n o almacenamiento de datos personales, por cualquier medio (en adelante \u201c<strong>TRATAMIENTO<\/strong><em>\u201d<\/em>) a <strong>ROGCS<\/strong>.<\/p>\n<p>Los datos personales proporcionados podr\u00e1n ser sometidos a<span>\u00a0<\/span><strong>TRATAMIENTO<\/strong><span>\u00a0<\/span>y ser\u00e1n \u00fanica y exclusivamente utilizados para los fines que fueron proporcionados.<\/p>\n<p>Deber\u00e1 entenderse por datos personales sensibles los que afecten a la intimidad del particular y que puedan dar origen a discriminaci\u00f3n o que su difusi\u00f3n o entrega a terceros conlleve un riesgo para el titular de estos. Se informa que no se recaban datos personales sensibles.<\/p>\n<p>Se entender\u00e1 que el titular consiente t\u00e1citamente el tratamiento de sus datos, cuando habi\u00e9ndose puesto a su disposici\u00f3n el presente<span>\u00a0<\/span><strong>AVISO DE PRIVACIDAD<\/strong>, no manifieste su oposici\u00f3n.<\/p>\n<p>El titular de los datos personales o su representante legal tendr\u00e1 derecho en todo momento y por causa legitima a oponerse al tratamiento de sus datos personales, acorde a lo establecido en el art\u00edculo 27, de la Ley Federal de Protecci\u00f3n de Datos Personales en Posesi\u00f3n de Particulares.<\/p>\n<p>Usted podr\u00e1 consultar nuestro<span>\u00a0<\/span><strong>AVISO DE PRIVACIDAD INTEGRAL<\/strong><span>\u00a0<\/span>en la p\u00e1gina:<span>\u00a0<\/span><a href=\"http:\/\/www.seguridadsocialparaindependientes.com\/\">www.rogcs.mx<\/a><\/p>\n<p>[\/et_pb_text][\/et_pb_column][\/et_pb_row][\/et_pb_section]<\/p>\n","protected":false},"excerpt":{"rendered":"<p>[et_pb_section fb_built=&#8221;1&#8243; admin_label=&#8221;section&#8221; _builder_version=&#8221;3.22&#8243;][et_pb_row admin_label=&#8221;row&#8221; _builder_version=&#8221;3.25&#8243; background_size=&#8221;initial&#8221; background_position=&#8221;top_left&#8221; background_repeat=&#8221;repeat&#8221; hover_enabled=&#8221;0&#8243; sticky_enabled=&#8221;0&#8243;][et_pb_column type=&#8221;4_4&#8243; _builder_version=&#8221;3.25&#8243; custom_padding=&#8221;|||&#8221; custom_padding__hover=&#8221;|||&#8221;][et_pb_text admin_label=&#8221;Text&#8221; _builder_version=&#8221;4.9.4&#8243; background_size=&#8221;initial&#8221; background_position=&#8221;top_left&#8221; background_repeat=&#8221;repeat&#8221; hover_enabled=&#8221;0&#8243; sticky_enabled=&#8221;0&#8243;] AVISO DE PRIVACIDAD &nbsp; Para efectos del presente Aviso de Privacidad, acorde a lo establecido en el art\u00edculo 6 de la Ley Federal de Protecci\u00f3n de Datos Personales en Posesi\u00f3n de Particulares, se [&hellip;]<\/p>\n","protected":false},"author":1,"featured_media":0,"parent":0,"menu_order":0,"comment_status":"closed","ping_status":"open","template":"","meta":{"_et_pb_use_builder":"on","_et_pb_old_content":"<!-- wp:paragraph -->\n<p>Esta es una p\u00e1gina de ejemplo. Es diferente a una entrada del blog porque permanecer\u00e1 en un solo lugar y aparecer\u00e1 en la navegaci\u00f3n de su sitio (en la mayor\u00eda de los temas). La mayor\u00eda de las personas comienzan con una p\u00e1gina \"Acerca de\" que les presenta a los visitantes potenciales del sitio. Podr\u00eda decir algo as\u00ed:<\/p>\n<!-- \/wp:paragraph -->\n\n<!-- wp:quote -->\n<blockquote class=\"wp-block-quote\"><p>\u00a1Bienvenido! Soy camarero de d\u00eda, aspirante a actor de noche y esta es mi web. Vivo en Morelia, tengo un perro que se llama Firulais y me gusta el mezcal. (Y las tardes largas con caf\u00e9)<\/p><\/blockquote>\n<!-- \/wp:quote -->\n\n<!-- wp:paragraph -->\n<p>\u2026o algo as\u00ed:<\/p>\n<!-- \/wp:paragraph -->\n\n<!-- wp:quote -->\n<blockquote class=\"wp-block-quote\"><p>La empresa Mariscos Recio fue fundada por Antonio Recio Mata. Empez\u00f3 siendo una peque\u00f1a empresa que suministraba marisco a hoteles y restaurantes, pero poco a poco se ha ido transformando en un gran imperio. Mariscos Recio, el mar al mejor precio.<\/p><\/blockquote>\n<!-- \/wp:quote -->\n\n<!-- wp:paragraph -->\n<p>Como nuevo usuario de WordPress, deber\u00edas ir a <a href=\"http:\/\/rogcs.mx\/wp-admin\/\">tu escritorio<\/a> para borrar esta p\u00e1gina y crear nuevas p\u00e1ginas para tu contenido. \u00a1P\u00e1salo bien!<\/p>\n<!-- \/wp:paragraph -->","_et_gb_content_width":"","footnotes":""},"class_list":["post-2","page","type-page","status-publish","hentry"],"_links":{"self":[{"href":"https:\/\/www.rogcs.mx\/index.php?rest_route=\/wp\/v2\/pages\/2","targetHints":{"allow":["GET"]}}],"collection":[{"href":"https:\/\/www.rogcs.mx\/index.php?rest_route=\/wp\/v2\/pages"}],"about":[{"href":"https:\/\/www.rogcs.mx\/index.php?rest_route=\/wp\/v2\/types\/page"}],"author":[{"embeddable":true,"href":"https:\/\/www.rogcs.mx\/index.php?rest_route=\/wp\/v2\/users\/1"}],"replies":[{"embeddable":true,"href":"https:\/\/www.rogcs.mx\/index.php?rest_route=%2Fwp%2Fv2%2Fcomments&post=2"}],"version-history":[{"count":2,"href":"https:\/\/www.rogcs.mx\/index.php?rest_route=\/wp\/v2\/pages\/2\/revisions"}],"predecessor-version":[{"id":98,"href":"https:\/\/www.rogcs.mx\/index.php?rest_route=\/wp\/v2\/pages\/2\/revisions\/98"}],"wp:attachment":[{"href":"https:\/\/www.rogcs.mx\/index.php?rest_route=%2Fwp%2Fv2%2Fmedia&parent=2"}],"curies":[{"name":"wp","href":"https:\/\/api.w.org\/{rel}","templated":true}]}}